{"id":433,"date":"2025-05-19T16:23:43","date_gmt":"2025-05-19T22:23:43","guid":{"rendered":"https:\/\/labs.grupoperinola.site\/goodneighbors\/?page_id=433"},"modified":"2026-02-02T11:01:10","modified_gmt":"2026-02-02T17:01:10","slug":"voluntariado","status":"publish","type":"page","link":"https:\/\/labs.grupoperinola.site\/goodneighbors\/voluntariado\/","title":{"rendered":"Voluntariado"},"content":{"rendered":"\t\t<div data-elementor-type=\"wp-page\" data-elementor-id=\"433\" class=\"elementor elementor-433\" data-elementor-post-type=\"page\">\n\t\t\t\t<div class=\"elementor-element elementor-element-8970ba1 e-con-full e-flex e-con e-parent\" data-id=\"8970ba1\" data-element_type=\"container\" data-settings=\"{&quot;background_background&quot;:&quot;classic&quot;}\">\n\t\t\t\t<div class=\"elementor-element elementor-element-35c6cc4 elementor-invisible elementor-widget elementor-widget-heading\" data-id=\"35c6cc4\" data-element_type=\"widget\" data-settings=\"{&quot;_animation&quot;:&quot;fadeInUp&quot;}\" data-widget_type=\"heading.default\">\n\t\t\t\t<div class=\"elementor-widget-container\">\n\t\t\t\t\t<h2 class=\"elementor-heading-title elementor-size-default\">Voluntariado<\/h2>\t\t\t\t<\/div>\n\t\t\t\t<\/div>\n\t\t\t\t<\/div>\n\t\t<div class=\"elementor-element elementor-element-729a398 e-con-full e-flex e-con e-parent\" data-id=\"729a398\" data-element_type=\"container\">\n\t\t<div class=\"elementor-element elementor-element-c091aed e-con-full e-flex e-con e-child\" data-id=\"c091aed\" data-element_type=\"container\">\n\t\t\t\t<div class=\"elementor-element elementor-element-cb10231 elementor-widget elementor-widget-heading\" data-id=\"cb10231\" data-element_type=\"widget\" data-widget_type=\"heading.default\">\n\t\t\t\t<div class=\"elementor-widget-container\">\n\t\t\t\t\t<h2 class=\"elementor-heading-title elementor-size-default\">\u00bfQu\u00e9 puedo\u00a0hacer?<\/h2>\t\t\t\t<\/div>\n\t\t\t\t<\/div>\n\t\t\t\t<div class=\"elementor-element elementor-element-215f117 elementor-widget elementor-widget-text-editor\" data-id=\"215f117\" data-element_type=\"widget\" data-widget_type=\"text-editor.default\">\n\t\t\t\t<div class=\"elementor-widget-container\">\n\t\t\t\t\t\t\t\t\t<p>Lorem ipsum dolor sit amet consectetur. Purus mi amet sagittis non pretium pellentesque velit scelerisque. Urna pellentesque quis dolor sapien. Semper ipsum mattis arcu sit vel aliquam risus fermentum enim. Sed blandit amet hac risus suspendisse egestas.<\/p>\t\t\t\t\t\t\t\t<\/div>\n\t\t\t\t<\/div>\n\t\t\t\t<\/div>\n\t\t<div class=\"elementor-element elementor-element-f8323aa e-con-full e-flex e-con e-child\" data-id=\"f8323aa\" data-element_type=\"container\">\n\t\t\t\t<div class=\"elementor-element elementor-element-59d780b elementor-widget elementor-widget-image\" data-id=\"59d780b\" data-element_type=\"widget\" data-widget_type=\"image.default\">\n\t\t\t\t<div class=\"elementor-widget-container\">\n\t\t\t\t\t\t\t\t\t\t\t\t\t\t\t<img decoding=\"async\" src=\"https:\/\/labs.grupoperinola.site\/goodneighbors\/wp-content\/plugins\/elementor\/assets\/images\/placeholder.png\" title=\"\" alt=\"\" loading=\"lazy\" \/>\t\t\t\t\t\t\t\t\t\t\t\t\t\t\t<\/div>\n\t\t\t\t<\/div>\n\t\t\t\t<\/div>\n\t\t\t\t<\/div>\n\t\t<div class=\"elementor-element elementor-element-14aa0e4 e-con-full e-flex e-con e-parent\" data-id=\"14aa0e4\" data-element_type=\"container\">\n\t\t<div class=\"elementor-element elementor-element-a65d2a4 e-con-full e-flex e-con e-child\" data-id=\"a65d2a4\" data-element_type=\"container\">\n\t\t\t\t<div class=\"elementor-element elementor-element-08493e0 elementor-widget elementor-widget-image\" data-id=\"08493e0\" data-element_type=\"widget\" data-widget_type=\"image.default\">\n\t\t\t\t<div class=\"elementor-widget-container\">\n\t\t\t\t\t\t\t\t\t\t\t\t\t\t\t<img decoding=\"async\" src=\"https:\/\/labs.grupoperinola.site\/goodneighbors\/wp-content\/plugins\/elementor\/assets\/images\/placeholder.png\" title=\"\" alt=\"\" loading=\"lazy\" \/>\t\t\t\t\t\t\t\t\t\t\t\t\t\t\t<\/div>\n\t\t\t\t<\/div>\n\t\t\t\t<\/div>\n\t\t<div class=\"elementor-element elementor-element-5917e18 e-con-full e-flex e-con e-child\" data-id=\"5917e18\" data-element_type=\"container\">\n\t\t\t\t<div class=\"elementor-element elementor-element-24ad96a elementor-widget elementor-widget-heading\" data-id=\"24ad96a\" data-element_type=\"widget\" data-widget_type=\"heading.default\">\n\t\t\t\t<div class=\"elementor-widget-container\">\n\t\t\t\t\t<h2 class=\"elementor-heading-title elementor-size-default\">S\u00e9 voluntario\/a<\/h2>\t\t\t\t<\/div>\n\t\t\t\t<\/div>\n\t\t\t\t<div class=\"elementor-element elementor-element-d7ec06a elementor-widget elementor-widget-text-editor\" data-id=\"d7ec06a\" data-element_type=\"widget\" data-widget_type=\"text-editor.default\">\n\t\t\t\t<div class=\"elementor-widget-container\">\n\t\t\t\t\t\t\t\t\t<p>Lorem ipsum dolor sit amet, consectetur adipiscing elit. Ut elit tellus, luctus nec ullamcorper mattis, pulvinar dapibus leo.<\/p>\t\t\t\t\t\t\t\t<\/div>\n\t\t\t\t<\/div>\n\t\t\t\t<div class=\"elementor-element elementor-element-1d12e18 elementor-widget elementor-widget-button\" data-id=\"1d12e18\" data-element_type=\"widget\" data-widget_type=\"button.default\">\n\t\t\t\t<div class=\"elementor-widget-container\">\n\t\t\t\t\t\t\t\t\t<div class=\"elementor-button-wrapper\">\n\t\t\t\t\t<a class=\"elementor-button elementor-button-link elementor-size-sm\" href=\"#\">\n\t\t\t\t\t\t<span class=\"elementor-button-content-wrapper\">\n\t\t\t\t\t\t\t\t\t<span class=\"elementor-button-text\">Ser voluntario\/a<\/span>\n\t\t\t\t\t<\/span>\n\t\t\t\t\t<\/a>\n\t\t\t\t<\/div>\n\t\t\t\t\t\t\t\t<\/div>\n\t\t\t\t<\/div>\n\t\t\t\t<div class=\"elementor-element elementor-element-fbd97a7 elementor-widget elementor-widget-heading\" data-id=\"fbd97a7\" data-element_type=\"widget\" data-widget_type=\"heading.default\">\n\t\t\t\t<div class=\"elementor-widget-container\">\n\t\t\t\t\t<h2 class=\"elementor-heading-title elementor-size-default\">Hazte socio\/a<\/h2>\t\t\t\t<\/div>\n\t\t\t\t<\/div>\n\t\t\t\t<div class=\"elementor-element elementor-element-d2b4f46 elementor-widget elementor-widget-text-editor\" data-id=\"d2b4f46\" data-element_type=\"widget\" data-widget_type=\"text-editor.default\">\n\t\t\t\t<div class=\"elementor-widget-container\">\n\t\t\t\t\t\t\t\t\t<p>Lorem ipsum dolor sit amet, consectetur adipiscing elit. Ut elit tellus, luctus nec ullamcorper mattis, pulvinar dapibus leo.<\/p>\t\t\t\t\t\t\t\t<\/div>\n\t\t\t\t<\/div>\n\t\t\t\t<div class=\"elementor-element elementor-element-b52e249 elementor-widget elementor-widget-button\" data-id=\"b52e249\" data-element_type=\"widget\" data-widget_type=\"button.default\">\n\t\t\t\t<div class=\"elementor-widget-container\">\n\t\t\t\t\t\t\t\t\t<div class=\"elementor-button-wrapper\">\n\t\t\t\t\t<a class=\"elementor-button elementor-button-link elementor-size-sm\" href=\"#\">\n\t\t\t\t\t\t<span class=\"elementor-button-content-wrapper\">\n\t\t\t\t\t\t\t\t\t<span class=\"elementor-button-text\">Ser socio\/a<\/span>\n\t\t\t\t\t<\/span>\n\t\t\t\t\t<\/a>\n\t\t\t\t<\/div>\n\t\t\t\t\t\t\t\t<\/div>\n\t\t\t\t<\/div>\n\t\t\t\t<\/div>\n\t\t\t\t<\/div>\n\t\t<div class=\"elementor-element elementor-element-4eff566 e-con-full e-flex e-con e-parent\" data-id=\"4eff566\" data-element_type=\"container\">\n\t\t<div class=\"elementor-element elementor-element-b6383ec e-con-full e-flex e-con e-child\" data-id=\"b6383ec\" data-element_type=\"container\">\n\t\t\t\t<div class=\"elementor-element elementor-element-fc256ef elementor-widget elementor-widget-heading\" data-id=\"fc256ef\" data-element_type=\"widget\" data-widget_type=\"heading.default\">\n\t\t\t\t<div class=\"elementor-widget-container\">\n\t\t\t\t\t<h2 class=\"elementor-heading-title elementor-size-default\">Nuestros voluntariados<\/h2>\t\t\t\t<\/div>\n\t\t\t\t<\/div>\n\t\t\t\t<div class=\"elementor-element elementor-element-473a8bf elementor-grid-2 elementor-grid-tablet-1 elementor-widget-tablet__width-inherit elementor-grid-mobile-1 elementor-widget elementor-widget-loop-grid\" data-id=\"473a8bf\" data-element_type=\"widget\" data-settings=\"{&quot;template_id&quot;:&quot;169&quot;,&quot;columns&quot;:2,&quot;columns_tablet&quot;:1,&quot;_skin&quot;:&quot;post&quot;,&quot;columns_mobile&quot;:&quot;1&quot;,&quot;edit_handle_selector&quot;:&quot;[data-elementor-type=\\&quot;loop-item\\&quot;]&quot;,&quot;row_gap&quot;:{&quot;unit&quot;:&quot;px&quot;,&quot;size&quot;:&quot;&quot;,&quot;sizes&quot;:[]},&quot;row_gap_tablet&quot;:{&quot;unit&quot;:&quot;px&quot;,&quot;size&quot;:&quot;&quot;,&quot;sizes&quot;:[]},&quot;row_gap_mobile&quot;:{&quot;unit&quot;:&quot;px&quot;,&quot;size&quot;:&quot;&quot;,&quot;sizes&quot;:[]}}\" data-widget_type=\"loop-grid.post\">\n\t\t\t\t<div class=\"elementor-widget-container\">\n\t\t\t\t\t\t\t<div class=\"elementor-loop-container elementor-grid\">\n\t\t<style id=\"loop-169\">.elementor-169 .elementor-element.elementor-element-1728521{--display:flex;--flex-direction:row;--container-widget-width:initial;--container-widget-height:100%;--container-widget-flex-grow:1;--container-widget-align-self:stretch;--flex-wrap-mobile:wrap;--gap:0px 0px;--row-gap:0px;--column-gap:0px;--border-radius:20px 20px 20px 20px;--padding-top:0px;--padding-bottom:0px;--padding-left:0px;--padding-right:0px;}.elementor-169 .elementor-element.elementor-element-6d7a607{--display:flex;--flex-direction:column;--container-widget-width:100%;--container-widget-height:initial;--container-widget-flex-grow:0;--container-widget-align-self:initial;--flex-wrap-mobile:wrap;--padding-top:0px;--padding-bottom:0px;--padding-left:0px;--padding-right:0px;}.elementor-widget-theme-post-featured-image .widget-image-caption{color:var( --e-global-color-text );font-family:var( --e-global-typography-text-font-family ), Sans-serif;font-weight:var( --e-global-typography-text-font-weight );}.elementor-169 .elementor-element.elementor-element-ecada5e.elementor-element{--align-self:flex-start;--flex-grow:0;--flex-shrink:0;}.elementor-169 .elementor-element.elementor-element-ecada5e img{width:100%;max-width:100%;height:500px;object-fit:cover;object-position:center center;border-radius:20px 0px 0px 20px;}.elementor-169 .elementor-element.elementor-element-d8d0ef4{--display:flex;--flex-direction:column;--container-widget-width:100%;--container-widget-height:initial;--container-widget-flex-grow:0;--container-widget-align-self:initial;--flex-wrap-mobile:wrap;--justify-content:center;--border-radius:0px 20px 20px 0px;--padding-top:6%;--padding-bottom:6%;--padding-left:8%;--padding-right:8%;}.elementor-169 .elementor-element.elementor-element-d8d0ef4:not(.elementor-motion-effects-element-type-background), .elementor-169 .elementor-element.elementor-element-d8d0ef4 > .elementor-motion-effects-container > .elementor-motion-effects-layer{background-color:var( --e-global-color-f6405e8 );}.elementor-widget-theme-post-title .elementor-heading-title{font-family:var( --e-global-typography-primary-font-family ), Sans-serif;font-weight:var( --e-global-typography-primary-font-weight );color:var( --e-global-color-primary );}.elementor-169 .elementor-element.elementor-element-e1342a6 .elementor-heading-title{font-family:\"Noto Sans\", Sans-serif;font-size:1em;font-weight:600;line-height:1.3em;}.elementor-widget-theme-post-excerpt .elementor-widget-container{color:var( --e-global-color-text );font-family:var( --e-global-typography-text-font-family ), Sans-serif;font-weight:var( --e-global-typography-text-font-weight );}.elementor-169 .elementor-element.elementor-element-8522dda .elementor-widget-container{text-align:justify;}@media(max-width:1024px){.elementor-169 .elementor-element.elementor-element-ecada5e img{height:443px;}}@media(max-width:767px){.elementor-169 .elementor-element.elementor-element-1728521{--flex-direction:row;--container-widget-width:initial;--container-widget-height:100%;--container-widget-flex-grow:1;--container-widget-align-self:stretch;--flex-wrap-mobile:wrap;}.elementor-169 .elementor-element.elementor-element-6d7a607{--width:100%;}.elementor-169 .elementor-element.elementor-element-ecada5e{width:var( --container-widget-width, 100% );max-width:100%;--container-widget-width:100%;--container-widget-flex-grow:0;}.elementor-169 .elementor-element.elementor-element-ecada5e img{width:100%;max-width:100%;height:155px;object-fit:cover;object-position:center center;}.elementor-169 .elementor-element.elementor-element-d8d0ef4{--width:100%;}}@media(min-width:768px){.elementor-169 .elementor-element.elementor-element-6d7a607{--width:50%;}.elementor-169 .elementor-element.elementor-element-d8d0ef4{--width:50%;}}<\/style>\t\t<div data-elementor-type=\"loop-item\" data-elementor-id=\"169\" class=\"elementor elementor-169 e-loop-item e-loop-item-1713 post-1713 post type-post status-publish format-standard has-post-thumbnail hentry category-sin-categoria\" data-elementor-post-type=\"elementor_library\" data-custom-edit-handle=\"1\">\n\t\t\t<div class=\"elementor-element elementor-element-1728521 e-flex e-con-boxed e-con e-parent\" data-id=\"1728521\" data-element_type=\"container\" data-settings=\"{&quot;background_background&quot;:&quot;classic&quot;}\">\n\t\t\t\t\t<div class=\"e-con-inner\">\n\t\t<div class=\"elementor-element elementor-element-6d7a607 e-con-full e-flex e-con e-child\" data-id=\"6d7a607\" data-element_type=\"container\">\n\t\t\t\t<div class=\"elementor-element elementor-element-ecada5e elementor-widget-mobile__width-initial elementor-widget elementor-widget-theme-post-featured-image elementor-widget-image\" data-id=\"ecada5e\" data-element_type=\"widget\" data-widget_type=\"theme-post-featured-image.default\">\n\t\t\t\t<div class=\"elementor-widget-container\">\n\t\t\t\t\t\t\t\t\t\t\t\t\t\t\t<img fetchpriority=\"high\" decoding=\"async\" width=\"800\" height=\"534\" src=\"https:\/\/labs.grupoperinola.site\/goodneighbors\/wp-content\/uploads\/2026\/05\/DSC7864-1024x683.jpg\" class=\"attachment-large size-large wp-image-1714\" alt=\"\" srcset=\"https:\/\/labs.grupoperinola.site\/goodneighbors\/wp-content\/uploads\/2026\/05\/DSC7864-1024x683.jpg 1024w, https:\/\/labs.grupoperinola.site\/goodneighbors\/wp-content\/uploads\/2026\/05\/DSC7864-300x200.jpg 300w, https:\/\/labs.grupoperinola.site\/goodneighbors\/wp-content\/uploads\/2026\/05\/DSC7864-768x512.jpg 768w, https:\/\/labs.grupoperinola.site\/goodneighbors\/wp-content\/uploads\/2026\/05\/DSC7864-1536x1024.jpg 1536w, https:\/\/labs.grupoperinola.site\/goodneighbors\/wp-content\/uploads\/2026\/05\/DSC7864-2048x1365.jpg 2048w\" sizes=\"(max-width: 800px) 100vw, 800px\" \/>\t\t\t\t\t\t\t\t\t\t\t\t\t\t\t<\/div>\n\t\t\t\t<\/div>\n\t\t\t\t<\/div>\n\t\t<div class=\"elementor-element elementor-element-d8d0ef4 e-con-full e-flex e-con e-child\" data-id=\"d8d0ef4\" data-element_type=\"container\" data-settings=\"{&quot;background_background&quot;:&quot;classic&quot;}\">\n\t\t\t\t<div class=\"elementor-element elementor-element-e1342a6 elementor-widget elementor-widget-theme-post-title elementor-page-title elementor-widget-heading\" data-id=\"e1342a6\" data-element_type=\"widget\" data-widget_type=\"theme-post-title.default\">\n\t\t\t\t<div class=\"elementor-widget-container\">\n\t\t\t\t\t<h1 class=\"elementor-heading-title elementor-size-default\">Ciclos que Florecen a trav\u00e9s de la Good Run 2025 impulsa dignidad en el D\u00eda de la Mujer 2026<\/h1>\t\t\t\t<\/div>\n\t\t\t\t<\/div>\n\t\t\t\t<div class=\"elementor-element elementor-element-8522dda elementor-widget elementor-widget-theme-post-excerpt\" data-id=\"8522dda\" data-element_type=\"widget\" data-widget_type=\"theme-post-excerpt.default\">\n\t\t\t\t<div class=\"elementor-widget-container\">\n\t\t\t\t\tEn el marco de la conmemoraci\u00f3n del D\u00eda Internacional de la Mujer, Good Neighbors Guatemala desarroll\u00f3 una significativa jornada en Acatenango, donde ni\u00f1as y adolescentes participaron en la entrega de kits de higiene menstrual, como resultado de los fondos recaudados durante la Carrera Good Run 2025.\t\t\t\t<\/div>\n\t\t\t\t<\/div>\n\t\t\t\t<\/div>\n\t\t\t\t\t<\/div>\n\t\t\t\t<\/div>\n\t\t\t\t<\/div>\n\t\t\t\t<div data-elementor-type=\"loop-item\" data-elementor-id=\"169\" class=\"elementor elementor-169 e-loop-item e-loop-item-1703 post-1703 post type-post status-publish format-standard has-post-thumbnail hentry category-sin-categoria\" data-elementor-post-type=\"elementor_library\" data-custom-edit-handle=\"1\">\n\t\t\t<div class=\"elementor-element elementor-element-1728521 e-flex e-con-boxed e-con e-parent\" data-id=\"1728521\" data-element_type=\"container\" data-settings=\"{&quot;background_background&quot;:&quot;classic&quot;}\">\n\t\t\t\t\t<div class=\"e-con-inner\">\n\t\t<div class=\"elementor-element elementor-element-6d7a607 e-con-full e-flex e-con e-child\" data-id=\"6d7a607\" data-element_type=\"container\">\n\t\t\t\t<div class=\"elementor-element elementor-element-ecada5e elementor-widget-mobile__width-initial elementor-widget elementor-widget-theme-post-featured-image elementor-widget-image\" data-id=\"ecada5e\" data-element_type=\"widget\" data-widget_type=\"theme-post-featured-image.default\">\n\t\t\t\t<div class=\"elementor-widget-container\">\n\t\t\t\t\t\t\t\t\t\t\t\t\t\t\t<img decoding=\"async\" width=\"800\" height=\"534\" src=\"https:\/\/labs.grupoperinola.site\/goodneighbors\/wp-content\/uploads\/2026\/05\/DSC06954-1024x683.jpg\" class=\"attachment-large size-large wp-image-1704\" alt=\"\" srcset=\"https:\/\/labs.grupoperinola.site\/goodneighbors\/wp-content\/uploads\/2026\/05\/DSC06954-1024x683.jpg 1024w, https:\/\/labs.grupoperinola.site\/goodneighbors\/wp-content\/uploads\/2026\/05\/DSC06954-300x200.jpg 300w, https:\/\/labs.grupoperinola.site\/goodneighbors\/wp-content\/uploads\/2026\/05\/DSC06954-768x512.jpg 768w, https:\/\/labs.grupoperinola.site\/goodneighbors\/wp-content\/uploads\/2026\/05\/DSC06954-1536x1024.jpg 1536w, https:\/\/labs.grupoperinola.site\/goodneighbors\/wp-content\/uploads\/2026\/05\/DSC06954-2048x1365.jpg 2048w\" sizes=\"(max-width: 800px) 100vw, 800px\" \/>\t\t\t\t\t\t\t\t\t\t\t\t\t\t\t<\/div>\n\t\t\t\t<\/div>\n\t\t\t\t<\/div>\n\t\t<div class=\"elementor-element elementor-element-d8d0ef4 e-con-full e-flex e-con e-child\" data-id=\"d8d0ef4\" data-element_type=\"container\" data-settings=\"{&quot;background_background&quot;:&quot;classic&quot;}\">\n\t\t\t\t<div class=\"elementor-element elementor-element-e1342a6 elementor-widget elementor-widget-theme-post-title elementor-page-title elementor-widget-heading\" data-id=\"e1342a6\" data-element_type=\"widget\" data-widget_type=\"theme-post-title.default\">\n\t\t\t\t<div class=\"elementor-widget-container\">\n\t\t\t\t\t<h1 class=\"elementor-heading-title elementor-size-default\">Construyendo juntos el 2026: reflexiones del Workshop Institucional\u00a0<\/h1>\t\t\t\t<\/div>\n\t\t\t\t<\/div>\n\t\t\t\t<div class=\"elementor-element elementor-element-8522dda elementor-widget elementor-widget-theme-post-excerpt\" data-id=\"8522dda\" data-element_type=\"widget\" data-widget_type=\"theme-post-excerpt.default\">\n\t\t\t\t<div class=\"elementor-widget-container\">\n\t\t\t\t\tEn febrero de 2026, Good Neighbors Guatemala llev\u00f3 a cabo su Workshop anual de Planificaci\u00f3n Estrat\u00e9gica Institucional, un espacio dise\u00f1ado para fortalecer la visi\u00f3n organizacional y alinear los esfuerzos del equipo hacia los desaf\u00edos y oportunidades del a\u00f1o.\t\t\t\t<\/div>\n\t\t\t\t<\/div>\n\t\t\t\t<\/div>\n\t\t\t\t\t<\/div>\n\t\t\t\t<\/div>\n\t\t\t\t<\/div>\n\t\t\t\t<\/div>\n\t\t\n\t\t\t\t\t\t<\/div>\n\t\t\t\t<\/div>\n\t\t\t\t<\/div>\n\t\t\t\t<\/div>\n\t\t\t\t<\/div>\n\t\t","protected":false},"excerpt":{"rendered":"<p>Voluntariado \u00bfQu\u00e9 puedo\u00a0hacer? Lorem ipsum dolor sit amet consectetur. Purus mi amet sagittis non pretium pellentesque velit scelerisque. Urna pellentesque quis dolor sapien. Semper ipsum mattis arcu sit vel aliquam risus fermentum enim. Sed blandit amet hac risus suspendisse egestas. S\u00e9 voluntario\/a Lorem ipsum dolor sit amet, consectetur adipiscing elit. Ut elit tellus, luctus nec [&hellip;]<\/p>\n","protected":false},"author":1,"featured_media":0,"parent":0,"menu_order":0,"comment_status":"closed","ping_status":"closed","template":"elementor_header_footer","meta":{"_acf_changed":false,"footnotes":""},"class_list":["post-433","page","type-page","status-publish","hentry"],"acf":[],"_links":{"self":[{"href":"https:\/\/labs.grupoperinola.site\/goodneighbors\/wp-json\/wp\/v2\/pages\/433","targetHints":{"allow":["GET"]}}],"collection":[{"href":"https:\/\/labs.grupoperinola.site\/goodneighbors\/wp-json\/wp\/v2\/pages"}],"about":[{"href":"https:\/\/labs.grupoperinola.site\/goodneighbors\/wp-json\/wp\/v2\/types\/page"}],"author":[{"embeddable":true,"href":"https:\/\/labs.grupoperinola.site\/goodneighbors\/wp-json\/wp\/v2\/users\/1"}],"replies":[{"embeddable":true,"href":"https:\/\/labs.grupoperinola.site\/goodneighbors\/wp-json\/wp\/v2\/comments?post=433"}],"version-history":[{"count":25,"href":"https:\/\/labs.grupoperinola.site\/goodneighbors\/wp-json\/wp\/v2\/pages\/433\/revisions"}],"predecessor-version":[{"id":1474,"href":"https:\/\/labs.grupoperinola.site\/goodneighbors\/wp-json\/wp\/v2\/pages\/433\/revisions\/1474"}],"wp:attachment":[{"href":"https:\/\/labs.grupoperinola.site\/goodneighbors\/wp-json\/wp\/v2\/media?parent=433"}],"curies":[{"name":"wp","href":"https:\/\/api.w.org\/{rel}","templated":true}]}}